{"id":5525,"date":"2020-04-17T12:31:25","date_gmt":"2020-04-17T10:31:25","guid":{"rendered":"https:\/\/happymappy.be\/accueil\/"},"modified":"2024-12-03T09:49:31","modified_gmt":"2024-12-03T08:49:31","slug":"accueil","status":"publish","type":"page","link":"https:\/\/happymappy.be\/fr\/","title":{"rendered":"Home"},"content":{"rendered":"<div class=\"wpb-content-wrapper\"><p>[vc_row section_type=\u00a0\u00bbfullwidth\u00a0\u00bb padding_top_multiplier=\u00a0\u00bb\u00a0\u00bb padding_bottom_multiplier=\u00a0\u00bb\u00a0\u00bb][vc_column full_height=\u00a0\u00bbyes\u00a0\u00bb]<div class=\"grve-element grve-carousel grve-flexible-carousel\">\r\n\t<div class=\"grve-carousel-wrapper\">\r\n\t\t\t<div class=\"grve-carousel-navigation grve-navigation-arrow-1\">\r\n\t\t<div class=\"grve-carousel-buttons\">\r\n\t\t\t<div class=\"grve-carousel-prev\"><div class=\"grve-svg-icon grve-direction-left grve-arrow-1 grve-svg-black grve-with-shape grve-circle grve-bg-white\">\t\t\t<svg width=\"12px\" height=\"12px\" viewBox=\"0 0 12 12\">\r\n\t\t\t\t<polygon points=\"3.6 0 10 6 3.6 12 2 10.5 6.8 6 2 1.5\"><\/polygon>\r\n\t\t\t<\/svg>\r\n\t\t\t<\/div><\/div>\r\n\t\t\t<div class=\"grve-carousel-next\"><div class=\"grve-svg-icon grve-direction-right grve-arrow-1 grve-svg-black grve-with-shape grve-circle grve-bg-white\">\t\t\t<svg width=\"12px\" height=\"12px\" viewBox=\"0 0 12 12\">\r\n\t\t\t\t<polygon points=\"3.6 0 10 6 3.6 12 2 10.5 6.8 6 2 1.5\"><\/polygon>\r\n\t\t\t<\/svg>\r\n\t\t\t<\/div><\/div>\r\n\t\t<\/div>\r\n\t<\/div>\r\n\t\t<div data-items=\"3\" data-items-tablet-landscape=\"2\" data-items-tablet-portrait=\"2\" data-items-mobile=\"1\" data-pagination=\"no\" data-slider-autoheight=\"\" data-slider-autoplay=\"yes\" data-slider-loop=\"yes\" data-stage-padding=\"0\" data-slider-speed=\"5000\" data-slider-pause=\"no\" data-pagination-speed=\"400\" class=\"grve-carousel-element grve-classic-carousel\">\r\n\t\t[vc_row_inner height_ratio=\u00a0\u00bb100&Prime; rc_heading_color=\u00a0\u00bbwhite\u00a0\u00bb rc_font_color=\u00a0\u00bb#ffffff\u00a0\u00bb][vc_column_inner vertical_content_position=\u00a0\u00bbbottom\u00a0\u00bb full_height=\u00a0\u00bbyes\u00a0\u00bb add_column_link=\u00a0\u00bbyes\u00a0\u00bb column_link=\u00a0\u00bburl:https%3A%2F%2Fhappymappy.be%2Ffr%2Fbelgium-beer%2F|title:Belgium%20Beer\u00a0\u00bb rc_bg_type=\u00a0\u00bbimage\u00a0\u00bb rc_bg_image=\u00a0\u00bb3734&Prime; rc_bg_image_size=\u00a0\u00bbfull\u00a0\u00bb rc_bg_color_overlay=\u00a0\u00bbgradient\u00a0\u00bb rc_bg_gradient_overlay_custom_1=\u00a0\u00bbrgba(0,0,0,0.01)\u00a0\u00bb rc_bg_gradient_overlay_custom_2=\u00a0\u00bbrgba(0,0,0,0.8)\u00a0\u00bb rc_bg_gradient_overlay_direction=\u00a0\u00bb180&Prime; hover_animation=\u00a0\u00bbmagnetism\u00a0\u00bb][vc_column_text css=\u00a0\u00bb.vc_custom_1732014767156{padding-right: 2.5em !important;padding-bottom: 2.5em !important;padding-left: 2.5em !important;}\u00a0\u00bb]<\/p>\n<h1><span style=\"font-size: 48px;\"><strong>Coloriez les bi\u00e8res belges !<\/strong><\/span><\/h1>\n<p> \u00c0 travers ce plan 70 x 100 cm \u00e0 colorier des brasseries belges, d\u00e9couvrez la Belgique – Pays de la bi\u00e8re par excellence.[\/vc_column_text][\/vc_column_inner][\/vc_row_inner][vc_row_inner height_ratio=\u00a0\u00bb100&Prime; rc_heading_color=\u00a0\u00bbwhite\u00a0\u00bb rc_font_color=\u00a0\u00bb#ffffff\u00a0\u00bb][vc_column_inner vertical_content_position=\u00a0\u00bbbottom\u00a0\u00bb full_height=\u00a0\u00bbyes\u00a0\u00bb add_column_link=\u00a0\u00bbyes\u00a0\u00bb column_link=\u00a0\u00bburl:https%3A%2F%2Fhappymappy.be%2Ffr%2Fbruxelles%2F|title:Bruxelles\u00a0\u00bb rc_bg_type=\u00a0\u00bbimage\u00a0\u00bb rc_bg_image=\u00a0\u00bb3737&Prime; rc_bg_image_size=\u00a0\u00bbfull\u00a0\u00bb rc_bg_color_overlay=\u00a0\u00bbgradient\u00a0\u00bb rc_bg_gradient_overlay_custom_1=\u00a0\u00bbrgba(0,0,0,0.01)\u00a0\u00bb rc_bg_gradient_overlay_custom_2=\u00a0\u00bbrgba(0,0,0,0.8)\u00a0\u00bb rc_bg_gradient_overlay_direction=\u00a0\u00bb180&Prime; hover_animation=\u00a0\u00bbmagnetism\u00a0\u00bb][vc_column_text css=\u00a0\u00bb.vc_custom_1732008375578{padding-right: 2.5em !important;padding-bottom: 2.5em !important;padding-left: 2.5em !important;}\u00a0\u00bb]<\/p>\n<h1><span style=\"font-size: 48px;\"><strong>Coloriez Bruxelles !<\/strong><\/span><\/h1>\n<p> D\u00e9couvrez les b\u00e2timents et les lieux les plus iconiques de Bruxelles sur ce plan \u00e0 colorier 70 x 100 cm.[\/vc_column_text][\/vc_column_inner][\/vc_row_inner][vc_row_inner height_ratio=\u00a0\u00bb100&Prime; rc_heading_color=\u00a0\u00bbwhite\u00a0\u00bb rc_font_color=\u00a0\u00bb#ffffff\u00a0\u00bb][vc_column_inner vertical_content_position=\u00a0\u00bbbottom\u00a0\u00bb full_height=\u00a0\u00bbyes\u00a0\u00bb add_column_link=\u00a0\u00bbyes\u00a0\u00bb column_link=\u00a0\u00bburl:https%3A%2F%2Fhappymappy.be%2Ffr%2Fmer-du-nord%2F|title:Mer%20du%20nord%20belge\u00a0\u00bb rc_bg_type=\u00a0\u00bbimage\u00a0\u00bb rc_bg_image=\u00a0\u00bb4121&Prime; rc_bg_image_size=\u00a0\u00bbfull\u00a0\u00bb rc_bg_color_overlay=\u00a0\u00bbgradient\u00a0\u00bb rc_bg_gradient_overlay_custom_1=\u00a0\u00bbrgba(0,0,0,0.01)\u00a0\u00bb rc_bg_gradient_overlay_custom_2=\u00a0\u00bbrgba(0,0,0,0.8)\u00a0\u00bb rc_bg_gradient_overlay_direction=\u00a0\u00bb180&Prime; hover_animation=\u00a0\u00bbmagnetism\u00a0\u00bb][vc_column_text css=\u00a0\u00bb.vc_custom_1732008526204{padding-right: 2.5em !important;padding-bottom: 2.5em !important;padding-left: 2.5em !important;}\u00a0\u00bb]<\/p>\n<h1><span style=\"font-size: 48px;\"><strong>Coloriez la c\u00f4te belge !<\/strong><\/span><\/h1>\n<p> De station en station d\u00e9couvrez la mer du Nord dans ce plan \u00e0 colorier 70 x 100 cm. Grand plongeon dans les tr\u00e9sors uniques de la c\u00f4te belge ![\/vc_column_text][\/vc_column_inner][\/vc_row_inner][vc_row_inner height_ratio=\u00a0\u00bb100&Prime; rc_heading_color=\u00a0\u00bbwhite\u00a0\u00bb rc_font_color=\u00a0\u00bb#ffffff\u00a0\u00bb][vc_column_inner vertical_content_position=\u00a0\u00bbbottom\u00a0\u00bb full_height=\u00a0\u00bbyes\u00a0\u00bb add_column_link=\u00a0\u00bbyes\u00a0\u00bb column_link=\u00a0\u00bburl:https%3A%2F%2Fhappymappy.be%2Ffr%2Fostende%2F|title:Ostende\u00a0\u00bb rc_bg_type=\u00a0\u00bbimage\u00a0\u00bb rc_bg_image=\u00a0\u00bb5055&Prime; rc_bg_image_size=\u00a0\u00bbfull\u00a0\u00bb rc_bg_color_overlay=\u00a0\u00bbgradient\u00a0\u00bb rc_bg_gradient_overlay_custom_1=\u00a0\u00bbrgba(0,0,0,0.01)\u00a0\u00bb rc_bg_gradient_overlay_custom_2=\u00a0\u00bbrgba(0,0,0,0.8)\u00a0\u00bb rc_bg_gradient_overlay_direction=\u00a0\u00bb180&Prime; hover_animation=\u00a0\u00bbmagnetism\u00a0\u00bb][vc_column_text css=\u00a0\u00bb.vc_custom_1732008394712{padding-right: 2.5em !important;padding-bottom: 2.5em !important;padding-left: 2.5em !important;}\u00a0\u00bb]<\/p>\n<h1><span style=\"font-size: 48px;\"><strong>Coloriez Ostende !<\/strong><\/span><\/h1>\n<p> Plongez dans ce plan \u00e0 colorier 70 x 100 cm pour d\u00e9couvrir cette ville fascinante.[\/vc_column_text][\/vc_column_inner][\/vc_row_inner]\t\t<\/div>\r\n\t<\/div>\r\n<\/div>\r\n[\/vc_column][\/vc_row]<\/p>\n<\/div>","protected":false},"excerpt":{"rendered":"<p>[vc_row section_type=\u00a0\u00bbfullwidth\u00a0\u00bb padding_top_multiplier=\u00a0\u00bb\u00a0\u00bb padding_bottom_multiplier=\u00a0\u00bb\u00a0\u00bb][vc_column full_height=\u00a0\u00bbyes\u00a0\u00bb][\/vc_column][\/vc_row]<\/p>\n","protected":false},"author":1,"featured_media":5155,"parent":0,"menu_order":0,"comment_status":"closed","ping_status":"closed","template":"","meta":{"inline_featured_image":false,"footnotes":""},"class_list":["post-5525","page","type-page","status-publish","has-post-thumbnail","hentry","grve-entry-item"],"yoast_head":"<title>Happy Mappy - Posters \u00e0 colorier<\/title>\n<meta name=\"description\" content=\"Posters \u00e0 colorier \/ D\u00e9couvrez les brasseries belges, la mer du Nord belge et les lieux les plus c\u00e9l\u00e8bres de Bruxelles!\" \/>\n<meta name=\"robots\" content=\"index, follow, max-snippet:-1, max-image-preview:large, max-video-preview:-1\" \/>\n<link rel=\"canonical\" href=\"https:\/\/happymappy.be\/fr\/\" \/>\n<meta property=\"og:locale\" content=\"fr_FR\" \/>\n<meta property=\"og:type\" content=\"article\" \/>\n<meta property=\"og:title\" content=\"Happy Mappy - Posters \u00e0 colorier\" \/>\n<meta property=\"og:description\" content=\"Posters \u00e0 colorier \/ D\u00e9couvrez les brasseries belges, la mer du Nord belge et les lieux les plus c\u00e9l\u00e8bres de Bruxelles!\" \/>\n<meta property=\"og:url\" content=\"https:\/\/happymappy.be\/fr\/\" \/>\n<meta property=\"og:site_name\" content=\"Happy Mappy\" \/>\n<meta property=\"article:modified_time\" content=\"2024-12-03T08:49:31+00:00\" \/>\n<meta property=\"og:image\" content=\"https:\/\/happymappy.be\/wp-content\/uploads\/2021\/04\/8.jpg\" \/>\n\t<meta property=\"og:image:width\" content=\"2000\" \/>\n\t<meta property=\"og:image:height\" content=\"1335\" \/>\n\t<meta property=\"og:image:type\" content=\"image\/jpeg\" \/>\n<meta name=\"twitter:card\" content=\"summary_large_image\" \/>\n<meta name=\"twitter:label1\" content=\"Dur\u00e9e de lecture estim\u00e9e\" \/>\n\t<meta name=\"twitter:data1\" content=\"3 minutes\" \/>\n<script type=\"application\/ld+json\" class=\"yoast-schema-graph\">{\"@context\":\"https:\/\/schema.org\",\"@graph\":[{\"@type\":\"WebPage\",\"@id\":\"https:\/\/happymappy.be\/fr\/\",\"url\":\"https:\/\/happymappy.be\/fr\/\",\"name\":\"Happy Mappy - Posters \u00e0 colorier\",\"isPartOf\":{\"@id\":\"https:\/\/happymappy.be\/fr\/#website\"},\"primaryImageOfPage\":{\"@id\":\"https:\/\/happymappy.be\/fr\/#primaryimage\"},\"image\":{\"@id\":\"https:\/\/happymappy.be\/fr\/#primaryimage\"},\"thumbnailUrl\":\"https:\/\/happymappy.be\/wp-content\/uploads\/2021\/04\/8.jpg\",\"datePublished\":\"2020-04-17T10:31:25+00:00\",\"dateModified\":\"2024-12-03T08:49:31+00:00\",\"description\":\"Posters \u00e0 colorier \/ D\u00e9couvrez les brasseries belges, la mer du Nord belge et les lieux les plus c\u00e9l\u00e8bres de Bruxelles!\",\"breadcrumb\":{\"@id\":\"https:\/\/happymappy.be\/fr\/#breadcrumb\"},\"inLanguage\":\"fr-FR\",\"potentialAction\":[{\"@type\":\"ReadAction\",\"target\":[\"https:\/\/happymappy.be\/fr\/\"]}]},{\"@type\":\"ImageObject\",\"inLanguage\":\"fr-FR\",\"@id\":\"https:\/\/happymappy.be\/fr\/#primaryimage\",\"url\":\"https:\/\/happymappy.be\/wp-content\/uploads\/2021\/04\/8.jpg\",\"contentUrl\":\"https:\/\/happymappy.be\/wp-content\/uploads\/2021\/04\/8.jpg\",\"width\":2000,\"height\":1335},{\"@type\":\"BreadcrumbList\",\"@id\":\"https:\/\/happymappy.be\/fr\/#breadcrumb\",\"itemListElement\":[{\"@type\":\"ListItem\",\"position\":1,\"name\":\"Home\",\"item\":\"https:\/\/happymappy.be\/fr\/accueil\/\"},{\"@type\":\"ListItem\",\"position\":2,\"name\":\"Home\"}]},{\"@type\":\"WebSite\",\"@id\":\"https:\/\/happymappy.be\/fr\/#website\",\"url\":\"https:\/\/happymappy.be\/fr\/\",\"name\":\"Happy Mappy\",\"description\":\"\",\"publisher\":{\"@id\":\"https:\/\/happymappy.be\/fr\/#organization\"},\"potentialAction\":[{\"@type\":\"SearchAction\",\"target\":{\"@type\":\"EntryPoint\",\"urlTemplate\":\"https:\/\/happymappy.be\/fr\/?s={search_term_string}\"},\"query-input\":{\"@type\":\"PropertyValueSpecification\",\"valueRequired\":true,\"valueName\":\"search_term_string\"}}],\"inLanguage\":\"fr-FR\"},{\"@type\":\"Organization\",\"@id\":\"https:\/\/happymappy.be\/fr\/#organization\",\"name\":\"Happy Happy\",\"url\":\"https:\/\/happymappy.be\/fr\/\",\"logo\":{\"@type\":\"ImageObject\",\"inLanguage\":\"fr-FR\",\"@id\":\"https:\/\/happymappy.be\/fr\/#\/schema\/logo\/image\/\",\"url\":\"https:\/\/happymappy.be\/wp-content\/uploads\/2021\/04\/HappMappy_logo-1.png\",\"contentUrl\":\"https:\/\/happymappy.be\/wp-content\/uploads\/2021\/04\/HappMappy_logo-1.png\",\"width\":255,\"height\":130,\"caption\":\"Happy Happy\"},\"image\":{\"@id\":\"https:\/\/happymappy.be\/fr\/#\/schema\/logo\/image\/\"}}]}<\/script>","yoast_head_json":{"title":"Happy Mappy - Posters \u00e0 colorier","description":"Posters \u00e0 colorier \/ D\u00e9couvrez les brasseries belges, la mer du Nord belge et les lieux les plus c\u00e9l\u00e8bres de Bruxelles!","robots":{"index":"index","follow":"follow","max-snippet":"max-snippet:-1","max-image-preview":"max-image-preview:large","max-video-preview":"max-video-preview:-1"},"canonical":"https:\/\/happymappy.be\/fr\/","og_locale":"fr_FR","og_type":"article","og_title":"Happy Mappy - Posters \u00e0 colorier","og_description":"Posters \u00e0 colorier \/ D\u00e9couvrez les brasseries belges, la mer du Nord belge et les lieux les plus c\u00e9l\u00e8bres de Bruxelles!","og_url":"https:\/\/happymappy.be\/fr\/","og_site_name":"Happy Mappy","article_modified_time":"2024-12-03T08:49:31+00:00","og_image":[{"width":2000,"height":1335,"url":"https:\/\/happymappy.be\/wp-content\/uploads\/2021\/04\/8.jpg","type":"image\/jpeg"}],"twitter_card":"summary_large_image","twitter_misc":{"Dur\u00e9e de lecture estim\u00e9e":"3 minutes"},"schema":{"@context":"https:\/\/schema.org","@graph":[{"@type":"WebPage","@id":"https:\/\/happymappy.be\/fr\/","url":"https:\/\/happymappy.be\/fr\/","name":"Happy Mappy - Posters \u00e0 colorier","isPartOf":{"@id":"https:\/\/happymappy.be\/fr\/#website"},"primaryImageOfPage":{"@id":"https:\/\/happymappy.be\/fr\/#primaryimage"},"image":{"@id":"https:\/\/happymappy.be\/fr\/#primaryimage"},"thumbnailUrl":"https:\/\/happymappy.be\/wp-content\/uploads\/2021\/04\/8.jpg","datePublished":"2020-04-17T10:31:25+00:00","dateModified":"2024-12-03T08:49:31+00:00","description":"Posters \u00e0 colorier \/ D\u00e9couvrez les brasseries belges, la mer du Nord belge et les lieux les plus c\u00e9l\u00e8bres de Bruxelles!","breadcrumb":{"@id":"https:\/\/happymappy.be\/fr\/#breadcrumb"},"inLanguage":"fr-FR","potentialAction":[{"@type":"ReadAction","target":["https:\/\/happymappy.be\/fr\/"]}]},{"@type":"ImageObject","inLanguage":"fr-FR","@id":"https:\/\/happymappy.be\/fr\/#primaryimage","url":"https:\/\/happymappy.be\/wp-content\/uploads\/2021\/04\/8.jpg","contentUrl":"https:\/\/happymappy.be\/wp-content\/uploads\/2021\/04\/8.jpg","width":2000,"height":1335},{"@type":"BreadcrumbList","@id":"https:\/\/happymappy.be\/fr\/#breadcrumb","itemListElement":[{"@type":"ListItem","position":1,"name":"Home","item":"https:\/\/happymappy.be\/fr\/accueil\/"},{"@type":"ListItem","position":2,"name":"Home"}]},{"@type":"WebSite","@id":"https:\/\/happymappy.be\/fr\/#website","url":"https:\/\/happymappy.be\/fr\/","name":"Happy Mappy","description":"","publisher":{"@id":"https:\/\/happymappy.be\/fr\/#organization"},"potentialAction":[{"@type":"SearchAction","target":{"@type":"EntryPoint","urlTemplate":"https:\/\/happymappy.be\/fr\/?s={search_term_string}"},"query-input":{"@type":"PropertyValueSpecification","valueRequired":true,"valueName":"search_term_string"}}],"inLanguage":"fr-FR"},{"@type":"Organization","@id":"https:\/\/happymappy.be\/fr\/#organization","name":"Happy Happy","url":"https:\/\/happymappy.be\/fr\/","logo":{"@type":"ImageObject","inLanguage":"fr-FR","@id":"https:\/\/happymappy.be\/fr\/#\/schema\/logo\/image\/","url":"https:\/\/happymappy.be\/wp-content\/uploads\/2021\/04\/HappMappy_logo-1.png","contentUrl":"https:\/\/happymappy.be\/wp-content\/uploads\/2021\/04\/HappMappy_logo-1.png","width":255,"height":130,"caption":"Happy Happy"},"image":{"@id":"https:\/\/happymappy.be\/fr\/#\/schema\/logo\/image\/"}}]}},"_links":{"self":[{"href":"https:\/\/happymappy.be\/fr\/wp-json\/wp\/v2\/pages\/5525","targetHints":{"allow":["GET"]}}],"collection":[{"href":"https:\/\/happymappy.be\/fr\/wp-json\/wp\/v2\/pages"}],"about":[{"href":"https:\/\/happymappy.be\/fr\/wp-json\/wp\/v2\/types\/page"}],"author":[{"embeddable":true,"href":"https:\/\/happymappy.be\/fr\/wp-json\/wp\/v2\/users\/1"}],"replies":[{"embeddable":true,"href":"https:\/\/happymappy.be\/fr\/wp-json\/wp\/v2\/comments?post=5525"}],"version-history":[{"count":0,"href":"https:\/\/happymappy.be\/fr\/wp-json\/wp\/v2\/pages\/5525\/revisions"}],"wp:featuredmedia":[{"embeddable":true,"href":"https:\/\/happymappy.be\/fr\/wp-json\/wp\/v2\/media\/5155"}],"wp:attachment":[{"href":"https:\/\/happymappy.be\/fr\/wp-json\/wp\/v2\/media?parent=5525"}],"curies":[{"name":"wp","href":"https:\/\/api.w.org\/{rel}","templated":true}]}}